{"id":290,"date":"2019-01-10T02:15:01","date_gmt":"2019-01-10T02:15:01","guid":{"rendered":"http:\/\/harmonielafugue.ca\/?page_id=290"},"modified":"2024-11-18T22:12:35","modified_gmt":"2024-11-19T03:12:35","slug":"directrice-musicale","status":"publish","type":"page","link":"https:\/\/harmonielafugue.ca\/?page_id=290","title":{"rendered":"Direction Musicale"},"content":{"rendered":"\n<p><strong>2023-Aujourd&rsquo;hui<\/strong><\/p>\n\n\n<div class=\"wp-block-image is-resized\">\n<figure class=\"alignleft size-full\"><img loading=\"lazy\" decoding=\"async\" width=\"1853\" height=\"2560\" src=\"https:\/\/harmonielafugue.ca\/wp-content\/uploads\/2024\/11\/tempImagenUW4uV-scaled.jpg\" alt=\"\" class=\"wp-image-443\" style=\"width:200px\" srcset=\"https:\/\/harmonielafugue.ca\/wp-content\/uploads\/2024\/11\/tempImagenUW4uV-scaled.jpg 1853w, https:\/\/harmonielafugue.ca\/wp-content\/uploads\/2024\/11\/tempImagenUW4uV-102x141.jpg 102w, https:\/\/harmonielafugue.ca\/wp-content\/uploads\/2024\/11\/tempImagenUW4uV-768x1061.jpg 768w, https:\/\/harmonielafugue.ca\/wp-content\/uploads\/2024\/11\/tempImagenUW4uV-1112x1536.jpg 1112w, https:\/\/harmonielafugue.ca\/wp-content\/uploads\/2024\/11\/tempImagenUW4uV-1483x2048.jpg 1483w\" sizes=\"auto, (max-width: 1853px) 100vw, 1853px\" \/><\/figure>\n<\/div>\n\n\n<p>Robert Piette (nom d\u2019artiste : Robert Len) a joint l\u2019harmonie La Fugue en tant que directeur musical en septembre 2023. Il est titulaire d\u2019une ma\u00eetrise en trompette de l\u2019Universit\u00e9 de Montr\u00e9al et d\u2019un certificat en enseignement de l\u2019Universit\u00e9 du Qu\u00e9bec \u00e0 Montr\u00e9al.&nbsp;<\/p>\n\n\n\n<p>Robert joue d\u2019innombrables instruments de musique et il en est venu \u00e0 d\u00e9velopper une v\u00e9ritable passion pour la composition et les instruments multiethniques. Pour lui, la musique va bien au-del\u00e0 des sons; elle signifie \u00e9motion, beaut\u00e9, passion, harmonie et m\u00eame environnement. Il lui importe avant tout d\u2019offrir \u00e0 ses auditeurs une exp\u00e9rience musicale profonde, \u00e9mouvante et sinc\u00e8re et de les surprendre gr\u00e2ce \u00e0 sa cr\u00e9ativit\u00e9 d\u00e9bordante et \u00e0 son d\u00e9sir contagieux de les faire voyager dans son univers sonore apaisant.&nbsp;<\/p>\n\n\n\n<p>Robert est aujourd\u2019hui membre de l\u2019ensemble de musique baroque Lux Musica \u00e0 titre de percussionniste et de l\u2019ensemble de musique du monde iLenKa \u00e0 titre de multi-instrumentiste et de compositeur. Il est \u00e9galement l\u2019associ\u00e9, depuis 2011 avec sa conjointe, la violoniste Carole Meneghel, d\u2019Apollonia S.E.N.C., une maison de production et de commercialisation de disques, de spectacles et de trames sonores (r\u00e9alis\u00e9es par Robert). Il a effectu\u00e9 des tourn\u00e9es au Canada, aux \u00c9tats-Unis et en Europe, et cinq de ses albums, r\u00e9alis\u00e9s par Andr\u00e9 Perry, sont distribu\u00e9s dans plusieurs pays sous \u00e9tiquette 2xHD.&nbsp;<\/p>\n\n\n\n<p>Robert a \u00e9t\u00e9 choisi comme compositeur du chant commun des Choralies 2024, \u00e0 Gatineau, et l\u2019an dernier, il a \u00e9t\u00e9 choisi pour participer, \u00e0 titre de musicien et de compositeur, \u00e0 Express Motel, une exp\u00e9rience de cr\u00e9ation organis\u00e9e par l\u2019Avant-Premi\u00e8re et la Maison des arts litt\u00e9raires, toujours \u00e0 Gatineau. \u00c0 l\u2019issue de cette exp\u00e9rience, le trio dont il faisait partie a \u00e9t\u00e9 choisi pour b\u00e9n\u00e9ficier d\u2019une r\u00e9sidence artistique \u00e0 la Maison Fairview, au terme de laquelle un spectacle a \u00e9t\u00e9 pr\u00e9sent\u00e9 \u00e0 l\u2019Espace Ren\u00e9-Provost de Gatineau et trois autres, dans la Petite Nation.<\/p>\n\n\n\n<p><strong>2014-2023<\/strong><\/p>\n\n\n<div class=\"wp-block-image is-resized\">\n<figure class=\"alignleft\"><img loading=\"lazy\" decoding=\"async\" width=\"249\" height=\"345\" src=\"https:\/\/harmonielafugue.ca\/wp-content\/uploads\/2019\/01\/14946525939_0bf6c78aed_z.jpg\" alt=\"\" class=\"wp-image-312\" style=\"width:200px\"\/><\/figure>\n<\/div>\n\n\n<p>Claudine Guindon a fait ses \u00e9tudes au d\u00e9partement de musique de l\u2019Universit\u00e9 d\u2019Ottawa. Elle a suivi des cours et des ateliers de formation en direction d\u2019orchestre et chorale avec, entre autres, David Currie, Jos\u00e9e Laforest, Robert Filion, Typhaine Legrand et Jonathan Dagenais. <\/p>\n\n\n\n<p>Depuis septembre 2006, elle est enseignante sp\u00e9cialiste en musique aux niveaux primaire et secondaire \u00e0 la Commission scolaire des Draveurs.   <\/p>\n\n\n\n<p>Elle est \u00e9galement chef de ch\u0153ur et est engag\u00e9e depuis 2008 dans l\u2019organisation des Choralies de la CSD. Elle a dirig\u00e9 de nombreuses chorales scolaires, le petit ch\u0153ur du Conservatoire de musique de Gatineau et dirige depuis septembre 2017 l\u2019Ensemble vocal Simplement Nous. <\/p>\n\n\n\n<p>C\u2019est d\u2019abord, comme saxophoniste qu\u2019elle se joint \u00e0 l\u2019harmonie La Fugue en 2001. Ensuite, comme pr\u00e9sidente du conseil d\u2019administration et, depuis 2013, en tant que directrice musicale, elle a su gagner la confiance des musiciens.  <\/p>\n\n\n\n<p>Claudine est une jeune femme dynamique et inspirante. Son \u00e9nergie et sa passion pour la musique transpara\u00eet dans toutes les sph\u00e8res de sa vie. Depuis qu\u2019elle est \u00e0 la barre de l\u2019harmonie, elle veille \u00e0 conserver un bel \u00e9quilibre entre la musicalit\u00e9, la rigueur et la progression individuelle et collective des musiciens. <\/p>\n\n\n\n<p><\/p>\n","protected":false},"excerpt":{"rendered":"<p>2023-Aujourd&rsquo;hui Robert Piette (nom d\u2019artiste : Robert Len) a joint l\u2019harmonie La Fugue en tant que directeur musical en septembre 2023. Il est titulaire d\u2019une ma\u00eetrise en trompette de l\u2019Universit\u00e9 de Montr\u00e9al et d\u2019un certificat en enseignement de l\u2019Universit\u00e9 du Qu\u00e9bec \u00e0 Montr\u00e9al.&nbsp; Robert joue d\u2019innombrables instruments de musique et il en est venu \u00e0 [&hellip;]<\/p>\n","protected":false},"author":1,"featured_media":0,"parent":0,"menu_order":0,"comment_status":"closed","ping_status":"closed","template":"","meta":{"footnotes":""},"class_list":["post-290","page","type-page","status-publish","hentry"],"_links":{"self":[{"href":"https:\/\/harmonielafugue.ca\/index.php?rest_route=\/wp\/v2\/pages\/290","targetHints":{"allow":["GET"]}}],"collection":[{"href":"https:\/\/harmonielafugue.ca\/index.php?rest_route=\/wp\/v2\/pages"}],"about":[{"href":"https:\/\/harmonielafugue.ca\/index.php?rest_route=\/wp\/v2\/types\/page"}],"author":[{"embeddable":true,"href":"https:\/\/harmonielafugue.ca\/index.php?rest_route=\/wp\/v2\/users\/1"}],"replies":[{"embeddable":true,"href":"https:\/\/harmonielafugue.ca\/index.php?rest_route=%2Fwp%2Fv2%2Fcomments&post=290"}],"version-history":[{"count":7,"href":"https:\/\/harmonielafugue.ca\/index.php?rest_route=\/wp\/v2\/pages\/290\/revisions"}],"predecessor-version":[{"id":450,"href":"https:\/\/harmonielafugue.ca\/index.php?rest_route=\/wp\/v2\/pages\/290\/revisions\/450"}],"wp:attachment":[{"href":"https:\/\/harmonielafugue.ca\/index.php?rest_route=%2Fwp%2Fv2%2Fmedia&parent=290"}],"curies":[{"name":"wp","href":"https:\/\/api.w.org\/{rel}","templated":true}]}}